{"id":57922,"date":"2024-03-22T13:00:54","date_gmt":"2024-03-22T18:00:54","guid":{"rendered":"https:\/\/lasayamosaico-com.us.stackstaging.com\/?page_id=57922"},"modified":"2024-03-22T13:00:56","modified_gmt":"2024-03-22T18:00:56","slug":"politica-de-cookies","status":"publish","type":"page","link":"https:\/\/lasayamosaico.com\/index.php\/politica-de-cookies\/","title":{"rendered":"Pol\u00edtica de Cookies"},"content":{"rendered":"\n<p><strong>Definiciones y t\u00e9rminos clave<\/strong><strong><\/strong><\/p>\n\n\n\n<p>Para ayudar a explicar las cosas de la manera m\u00e1s clara posible en esta Pol\u00edtica de cookies, cada vez que se hace referencia a cualquiera de estos t\u00e9rminos, se definen estrictamente como:<\/p>\n\n\n\n<ul class=\"wp-block-list\">\n<li>Cookie:&nbsp;peque\u00f1a cantidad de datos generados por un sitio web y guardados por su navegador web. Se utiliza para identificar su navegador, proporcionar an\u00e1lisis, recordar informaci\u00f3n sobre usted, como su preferencia de idioma o informaci\u00f3n de inicio de sesi\u00f3n.<\/li>\n\n\n\n<li>Compa\u00f1\u00eda: cuando esta pol\u00edtica menciona &#8220;Compa\u00f1\u00eda&#8221;, &#8220;nosotros&#8221;, &#8220;nos&#8221; o &#8220;nuestro&#8221;, se refiere a LasAya Mosaico, que es responsable de su informaci\u00f3n en virtud de esta Pol\u00edtica de Cookies.<\/li>\n\n\n\n<li>Plataforma: sitio web de Internet, aplicaci\u00f3n web o aplicaci\u00f3n digital de cara al p\u00fablico de LasAya Mosaico.<\/li>\n\n\n\n<li>Dispositivo: cualquier dispositivo conectado a Internet, como un tel\u00e9fono, tablet, computadora o cualquier otro dispositivo que se pueda usar para visitar LasAya Mosaico y usar los servicios.<\/li>\n\n\n\n<li>Datos personales: cualquier informaci\u00f3n que directa, indirectamente o en conexi\u00f3n con otra informaci\u00f3n, incluido un n\u00famero de identificaci\u00f3n personal, permita la identificaci\u00f3n de una persona f\u00edsica.<\/li>\n\n\n\n<li>Servicio: se refiere al servicio brindado por LasAya Mosaico como se describe en los t\u00e9rminos relativos (si est\u00e1n disponibles) y en esta plataforma.<\/li>\n\n\n\n<li>Terceros: se refiere a anunciantes, patrocinadores de concursos, socios promocionales y de marketing, y otros que brindan nuestro contenido o cuyos productos o servicios que creemos que pueden interesarle.<\/li>\n\n\n\n<li>Sitio web: el sitio de LasAya Mosaico, al que se puede acceder a trav\u00e9s de esta URL: www.lasayamosaico.com<\/li>\n\n\n\n<li>Usted: una persona o entidad que est\u00e1 registrada con LasAya Mosaico para utilizar los Servicios.<\/li>\n<\/ul>\n\n\n\n<p><strong>Introducci\u00f3n<\/strong><strong><\/strong><\/p>\n\n\n\n<p>Esta Pol\u00edtica de cookies explica c\u00f3mo LasAya Mosaico y sus afiliados (colectivamente &#8220;LasAya Mosaico&#8221;, &#8220;nosotros&#8221;, &#8220;nos&#8221; y &#8220;nuestro&#8221;), utilizan cookies y tecnolog\u00edas similares para reconocerlo cuando visita nuestra plataforma, incluidos, entre otros, LasAya Mosaico y cualquier URL relacionada, versiones m\u00f3viles o localizadas y dominios \/ subdominios relacionados (&#8220;Sitios web&#8221;). Explica qu\u00e9 son estas tecnolog\u00edas y por qu\u00e9 las usamos, as\u00ed como las opciones de c\u00f3mo controlarlas.<\/p>\n\n\n\n<p><strong>\u00bfQu\u00e9 es una Cookie?<\/strong><strong><\/strong><\/p>\n\n\n\n<p>Una cookie es un peque\u00f1o archivo de texto que se almacena en su computadora u otro dispositivo conectado a Internet para identificar su navegador, proporcionar an\u00e1lisis, recordar informaci\u00f3n sobre usted, como su preferencia de idioma o informaci\u00f3n de inicio de sesi\u00f3n. Son completamente seguros y no se pueden utilizar para ejecutar programas o enviar virus a su dispositivo.<\/p>\n\n\n\n<p><strong>\u00bfPor qu\u00e9 utilizamos Cookies?<\/strong><strong><\/strong><\/p>\n\n\n\n<p>Usamos cookies propias y \/ o de terceros en nuestra plataforma para varios prop\u00f3sitos, tales como:<\/p>\n\n\n\n<ul class=\"wp-block-list\">\n<li>Para facilitar el funcionamiento y la funcionalidad de nuestra plataforma;<\/li>\n\n\n\n<li>Para mejorar su experiencia con nuestra plataforma y hacer que navegar alrededor de ellos sea m\u00e1s r\u00e1pido y f\u00e1cil;<\/li>\n\n\n\n<li>Para permitirnos crear una experiencia de usuario personalizada para usted y para que entendamos qu\u00e9 es \u00fatil o de su inter\u00e9s;<\/li>\n\n\n\n<li>Para analizar c\u00f3mo se utiliza nuestra plataforma y cu\u00e1l es la mejor forma de personalizarla;<\/li>\n\n\n\n<li>Para identificar prospectos futuros y personalizar las interacciones de marketing y ventas con \u00e9l;<\/li>\n\n\n\n<li>Para facilitar la adaptaci\u00f3n de la publicidad online a sus intereses.<\/li>\n<\/ul>\n\n\n\n<p><strong>\u00bfQu\u00e9 tipo de Cookies utiliza LasAya Mosaico?<\/strong><strong><\/strong><\/p>\n\n\n\n<p>Las cookies pueden ser cookies de sesi\u00f3n o cookies persistentes. Una cookie de sesi\u00f3n caduca autom\u00e1ticamente cuando cierra su navegador. Una cookie persistente permanecer\u00e1 hasta que caduque o elimine sus cookies. Las fechas de caducidad se establecen en las propias cookies; algunos pueden caducar despu\u00e9s de unos minutos, mientras que otros pueden caducar despu\u00e9s de varios a\u00f1os. Las cookies colocadas por el sitio web que est\u00e1 visitando se denominan &#8220;cookies de origen&#8221;.<\/p>\n\n\n\n<p>Las cookies estrictamente necesarias son necesarias para que nuestra plataforma funcione y no se pueden desactivar en nuestros sistemas. Son esenciales para que pueda navegar por la plataforma y utilizar sus funciones. Si elimina o deshabilita estas cookies, no podemos garantizar que podr\u00e1 utilizar nuestra plataforma.<\/p>\n\n\n\n<p>Usamos los siguientes tipos de cookies en nuestra plataforma:<\/p>\n\n\n\n<p><strong>Cookies Esenciales<\/strong><strong><\/strong><\/p>\n\n\n\n<p>Usamos cookies esenciales para que nuestra plataforma funcione. Estas cookies son estrictamente necesarias para habilitar funciones b\u00e1sicas como la seguridad, la gesti\u00f3n de la red, sus preferencias de cookies y accesibilidad. Sin ellos, no podr\u00eda utilizar los servicios b\u00e1sicos. Puede desactivarlos cambiando la configuraci\u00f3n de su navegador, pero esto puede afectar el funcionamiento de los sitios web.<\/p>\n\n\n\n<p><strong>Cookies de Rendimiento y Funcionalidad<\/strong><strong><\/strong><\/p>\n\n\n\n<p>Estas cookies se utilizan para mejorar el rendimiento y la funcionalidad de nuestra plataforma, pero no son esenciales para su uso. Sin embargo, sin estas cookies, es posible que ciertas funciones, como los videos, no est\u00e9n disponibles o se le solicitar\u00e1 que ingrese sus datos de inicio de sesi\u00f3n cada vez que visite la plataforma, ya que no podr\u00edamos recordar que hab\u00eda iniciado sesi\u00f3n anteriormente.<\/p>\n\n\n\n<p><strong>Cookies de Marketing<\/strong><strong><\/strong><\/p>\n\n\n\n<p>Estas cookies de marketing basadas en cuentas nos permiten identificar prospectos futuros y personalizar las interacciones de ventas y marketing con ellos.<\/p>\n\n\n\n<p><strong>Cookies de An\u00e1lisis y Personalizaci\u00f3n<\/strong><strong><\/strong><\/p>\n\n\n\n<p>Estas cookies recopilan informaci\u00f3n que se utiliza para ayudarnos a comprender c\u00f3mo se utiliza nuestra plataforma o qu\u00e9 tan efectivas son nuestras campa\u00f1as de marketing, o para ayudarnos a personalizar nuestra plataforma para usted.<\/p>\n\n\n\n<p>Usamos cookies proporcionadas por Google Analytics para recopilar datos limitados directamente de los navegadores del usuario final para permitirnos comprender mejor su uso de nuestra plataforma. Puede encontrar m\u00e1s informaci\u00f3n sobre c\u00f3mo Google recopila y utiliza estos datos en: https:\/\/www.google.com\/policies\/privacy\/partners\/. Puede optar por no recibir todos los an\u00e1lisis admitidos por Google en nuestros sitios web visitando: https:\/\/tools.google.com\/dlpage\/gaoptout.<\/p>\n\n\n\n<p><strong>Cookies de Redes Sociales<\/strong><strong><\/strong><\/p>\n\n\n\n<p>Estas cookies se utilizan cuando comparte informaci\u00f3n utilizando un bot\u00f3n para compartir en las redes sociales o un bot\u00f3n &#8220;Me gusta&#8221; en nuestro Sitio o cuando vincula su cuenta o interact\u00faa con nuestro contenido a trav\u00e9s de un sitio web de redes sociales como Facebook, Twitter o Google+. La red social registrar\u00e1 que ha hecho esto. Estas cookies tambi\u00e9n pueden incluir cierto c\u00f3digo que se ha colocado en la plataforma para ayudar a realizar un seguimiento de las conversiones de los anuncios, optimizar los anuncios en funci\u00f3n de los datos recopilados, crear audiencias espec\u00edficas para anuncios futuros y aplicar el remarketing a usuarios calificados que ya han realizado determinadas acciones en la plataforma.<\/p>\n\n\n\n<p><strong>Cookies de Terceros<\/strong><strong><\/strong><\/p>\n\n\n\n<p>Algunas cookies que se han configurado en nuestra plataforma no se configuran de forma propia por LasAya Mosaico. Los sitios web pueden integrarse con contenido de terceros para ofrecer publicidad. Estos proveedores de servicios externos pueden configurar sus propias cookies en su navegador web. Los proveedores de servicios externos controlan muchas de las cookies de rendimiento y funcionalidad, publicidad, marketing y an\u00e1lisis descritas anteriormente. No controlamos el uso de estas cookies de terceros, ya que solo el tercero que las configur\u00f3 originalmente puede acceder a las cookies.<\/p>\n\n\n\n<p><strong>\u00bfC\u00f3mo se pueden Administrar las Cookies?<\/strong><strong><\/strong><\/p>\n\n\n\n<p>La mayor\u00eda de los navegadores le permiten controlar las cookies a trav\u00e9s de sus preferencias de &#8216;configuraci\u00f3n&#8217;. Sin embargo, si limita la capacidad de los sitios web para establecer cookies, puede empeorar su experiencia de usuario en general, ya que ya no estar\u00e1 personalizada para usted. Tambi\u00e9n puede impedirle guardar configuraciones personalizadas como informaci\u00f3n de inicio de sesi\u00f3n.<\/p>\n\n\n\n<p>Los fabricantes de navegadores proporcionan p\u00e1ginas de ayuda relacionadas con la gesti\u00f3n de cookies en sus productos.<\/p>\n\n\n\n<ul class=\"wp-block-list\">\n<li>Google Chrome<\/li>\n\n\n\n<li>Internet Explorer<\/li>\n\n\n\n<li>Mozilla Firefox<\/li>\n\n\n\n<li>Safari (escritorio)<\/li>\n\n\n\n<li>Safari (m\u00f3vil)<\/li>\n\n\n\n<li>Navegador de Android<\/li>\n\n\n\n<li>Opera<\/li>\n\n\n\n<li>Opera Mobile<\/li>\n<\/ul>\n\n\n\n<p><strong>Bloquear y Deshabilitar Cookies y Tecnolog\u00edas Similares<\/strong><strong><\/strong><\/p>\n\n\n\n<p>Donde sea que se encuentre, tambi\u00e9n puede configurar su navegador para bloquear cookies y tecnolog\u00edas similares, pero esta acci\u00f3n puede bloquear nuestras cookies esenciales e impedir que nuestro sitio web funcione correctamente, y es posible que no pueda utilizar todas sus funciones y servicios por completo. Tambi\u00e9n debe tener en cuenta que tambi\u00e9n puede perder informaci\u00f3n guardada (por ejemplo, detalles de inicio de sesi\u00f3n guardados, preferencias del sitio) si bloquea las cookies en su navegador. Los distintos navegadores ponen a su disposici\u00f3n distintos controles. Deshabilitar una cookie o una categor\u00eda de cookie no elimina la cookie de su navegador, deber\u00e1 hacerlo usted mismo desde su navegador, debe visitar el men\u00fa de ayuda de su navegador para obtener m\u00e1s informaci\u00f3n.<\/p>\n\n\n\n<p><strong>Cambios en nuestra Pol\u00edtica de Cookies<\/strong><strong><\/strong><\/p>\n\n\n\n<p>Podemos cambiar nuestro Servicio y nuestras pol\u00edticas, y es posible que debamos realizar cambios en esta Pol\u00edtica de cookies para que reflejen con precisi\u00f3n nuestro Servicio y nuestras pol\u00edticas. A menos que la ley exija lo contrario, le notificaremos (por ejemplo, a trav\u00e9s de nuestro Servicio) antes de realizar cambios en esta Pol\u00edtica de cookies y le daremos la oportunidad de revisarlos antes de que entren en vigencia. Luego, si contin\u00faa utilizando el Servicio, estar\u00e1 sujeto a la Pol\u00edtica de cookies actualizada. Si no desea aceptar esta o cualquier Pol\u00edtica de cookies actualizada, puede eliminar su cuenta.<\/p>\n\n\n\n<p><strong>Su consentimiento<\/strong><strong><\/strong><\/p>\n\n\n\n<p>Al utilizar nuestra plataforma, registrar una cuenta o realizar una compra, por la presente acepta nuestra Pol\u00edtica de cookies y acepta sus t\u00e9rminos.<\/p>\n\n\n\n<p><strong>Cont\u00e1ctenos<\/strong><strong><\/strong><\/p>\n\n\n\n<p>No dude en contactarnos si tiene alguna pregunta sobre nuestra Pol\u00edtica de Cookies.<\/p>\n\n\n\n<ul class=\"wp-block-list\">\n<li>A trav\u00e9s de correo electr\u00f3nico:&nbsp;hola@lasayamosaico-com.us.stackstaging.com<\/li>\n\n\n\n<li>A trav\u00e9s del n\u00famero de tel\u00e9fono: +573166935152<\/li>\n<\/ul>\n","protected":false},"excerpt":{"rendered":"<p>Definiciones y t\u00e9rminos clave Para ayudar a explicar las cosas de la manera m\u00e1s clara posible en esta Pol\u00edtica de cookies, cada vez que se hace referencia a cualquiera de estos t\u00e9rminos, se definen estrictamente como: Introducci\u00f3n Esta Pol\u00edtica de cookies explica c\u00f3mo LasAya Mosaico y sus afiliados (colectivamente &#8220;LasAya Mosaico&#8221;, &#8220;nosotros&#8221;, &#8220;nos&#8221; y &#8220;nuestro&#8221;),&hellip;<\/p>\n","protected":false},"author":1,"featured_media":0,"parent":0,"menu_order":0,"comment_status":"closed","ping_status":"closed","template":"","meta":{"_joinchat":[],"footnotes":""},"class_list":["post-57922","page","type-page","status-publish","hentry","description-off"],"_hostinger_reach_plugin_has_subscription_block":false,"_hostinger_reach_plugin_is_elementor":false,"_links":{"self":[{"href":"https:\/\/lasayamosaico.com\/index.php\/wp-json\/wp\/v2\/pages\/57922","targetHints":{"allow":["GET"]}}],"collection":[{"href":"https:\/\/lasayamosaico.com\/index.php\/wp-json\/wp\/v2\/pages"}],"about":[{"href":"https:\/\/lasayamosaico.com\/index.php\/wp-json\/wp\/v2\/types\/page"}],"author":[{"embeddable":true,"href":"https:\/\/lasayamosaico.com\/index.php\/wp-json\/wp\/v2\/users\/1"}],"replies":[{"embeddable":true,"href":"https:\/\/lasayamosaico.com\/index.php\/wp-json\/wp\/v2\/comments?post=57922"}],"version-history":[{"count":0,"href":"https:\/\/lasayamosaico.com\/index.php\/wp-json\/wp\/v2\/pages\/57922\/revisions"}],"wp:attachment":[{"href":"https:\/\/lasayamosaico.com\/index.php\/wp-json\/wp\/v2\/media?parent=57922"}],"curies":[{"name":"wp","href":"https:\/\/api.w.org\/{rel}","templated":true}]}}