{"id":57924,"date":"2024-03-22T13:01:42","date_gmt":"2024-03-22T18:01:42","guid":{"rendered":"https:\/\/lasayamosaico-com.us.stackstaging.com\/?page_id=57924"},"modified":"2025-05-14T15:31:10","modified_gmt":"2025-05-14T20:31:10","slug":"politica-de-devolucion-y-reembolso","status":"publish","type":"page","link":"https:\/\/lasayamosaico.com\/index.php\/politica-de-devolucion-y-reembolso\/","title":{"rendered":"Pol\u00edtica de Devoluci\u00f3n y Reembolso"},"content":{"rendered":"\n<p><strong>Definiciones y t\u00e9rminos clave<\/strong><strong><\/strong><\/p>\n\n\n\n<p>Para ayudar a explicar las cosas de la manera m\u00e1s clara posible en esta Pol\u00edtica de Devoluci\u00f3n y Reembolso, cada vez que se hace referencia a cualquiera de estos t\u00e9rminos, se definen estrictamente como:<\/p>\n\n\n\n<ul class=\"wp-block-list\">\n<li>Compa\u00f1\u00eda: cuando esta pol\u00edtica menciona &#8220;Compa\u00f1\u00eda&#8221;, &#8220;nosotros&#8221;, &#8220;nos&#8221; o &#8220;nuestro&#8221;, se refiere a LasAya Mosaico, que es responsable de su informaci\u00f3n en virtud de esta Pol\u00edtica de Devoluci\u00f3n y Reembolso.<\/li>\n\n\n\n<li>Plataforma: sitio web de Internet, aplicaci\u00f3n web o aplicaci\u00f3n digital de cara al p\u00fablico de LasAya Mosaico.<\/li>\n\n\n\n<li>Cliente: se refiere a la empresa, organizaci\u00f3n o persona que se registra para utilizar el Servicio LasAya Mosaico para gestionar las relaciones con sus consumidores o usuarios del servicio.<\/li>\n\n\n\n<li>Dispositivo: cualquier dispositivo conectado a Internet, como un tel\u00e9fono, tablet, computadora o cualquier otro dispositivo que se pueda usar para visitar LasAya Mosaico y usar los servicios.<\/li>\n\n\n\n<li>Servicio: se refiere al servicio brindado por LasAya Mosaico como se describe en los t\u00e9rminos relativos (si est\u00e1n disponibles) y en esta plataforma.<\/li>\n\n\n\n<li>Sitio web: el sitio de LasAya Mosaico, al que se puede acceder a trav\u00e9s de esta URL: www.lasayamosaico.com<\/li>\n\n\n\n<li>Usted: una persona o entidad que est\u00e1 registrada con LasAya Mosaico para utilizar los Servicios.<\/li>\n<\/ul>\n\n\n\n<p><strong>Pol\u00edtica de Devoluci\u00f3n y Reembolso<\/strong><strong><\/strong><\/p>\n\n\n\n<p>Gracias por comprar en LasAya Mosaico. Apreciamos el hecho de que le guste comprar las cosas que construimos. Tambi\u00e9n queremos asegurarnos de que tenga una experiencia gratificante mientras explora, eval\u00faa y compra nuestros productos.<\/p>\n\n\n\n<p>Al igual que con cualquier experiencia de compra, existen t\u00e9rminos y condiciones que se aplican a las transacciones en LasAya Mosaico. Seremos tan breves como lo permitan nuestros abogados. Lo principal que debe recordar es que al realizar un pedido o realizar una compra en LasAya Mosaico, acepta los t\u00e9rminos establecidos a continuaci\u00f3n junto con la Pol\u00edtica de privacidad de LasAya Mosaico.<\/p>\n\n\n\n<p>Si hay alg\u00fan problema con el producto\/servicio que compr\u00f3, o si no est\u00e1 satisfecho con \u00e9l, tiene 1 semana para emitir un reembolso y devolver el producto\/servicio.<\/p>\n\n\n\n<p>Si desea devolver un producto, la \u00fanica forma ser\u00eda seguir las siguientes pautas:<\/p>\n\n\n\n<ul class=\"wp-block-list\">\n<li>El paquete debe regresar con el empaque original de la compra y con la totalidad de los productos enviados.<\/li>\n<\/ul>\n\n\n\n<p><strong>Reembolsos<\/strong><strong><\/strong><\/p>\n\n\n\n<p>En LasAya Mosaico nos comprometemos a servir a nuestros clientes con los mejores productos. Cada uno de los productos que elija se inspeccionan minuciosamente, se verifican en busca de defectos y se empaquetan con sumo cuidado. Hacemos esto para asegurarnos de que se enamore de nuestros productos.<\/p>\n\n\n\n<p>Lamentablemente, hay ocasiones en las que es posible que no tengamos los productos que elija en stock o que tengamos algunos problemas con nuestro inventario y control de calidad. En tales casos, es posible que tengamos que cancelar su pedido. Se le informar\u00e1 al respecto con anticipaci\u00f3n para que no tenga que preocuparse innecesariamente por su pedido. Si ha comprado mediante pago en l\u00ednea (no contra reembolso), se le reembolsar\u00e1 una vez que nuestro equipo confirme su solicitud.<\/p>\n\n\n\n<p>Realizamos un control de calidad minucioso antes de procesar el art\u00edculo pedido. Tenemos el m\u00e1ximo cuidado al embalar el producto. Al mismo tiempo, nos aseguramos de que el embalaje sea bueno para que los art\u00edculos no se da\u00f1en durante el transporte. Tenga en cuenta que LasAya Mosaico no es responsable de los da\u00f1os causados \u200b\u200ba los art\u00edculos durante el tr\u00e1nsito o el transporte.<\/p>\n\n\n\n<p>Revisaremos su producto devuelto tan pronto como lo recibamos y si sigue las pautas mencionadas anteriormente, procederemos a emitir un reembolso de su compra. Su reembolso puede demorar un par de d\u00edas en procesarse, pero se le notificar\u00e1 cuando reciba su dinero.<\/p>\n\n\n\n<p><strong>Env\u00edos<\/strong><strong><\/strong><\/p>\n\n\n\n<p>LasAya Mosaico no es responsable de los costos de env\u00edo de devoluci\u00f3n. Cada env\u00edo debe ser pagado por el cliente, incluso si el art\u00edculo tuvo env\u00edo gratis en primer lugar, el cliente debe pagar el env\u00edo a cambio.<\/p>\n\n\n\n<p><strong>Su consentimiento<\/strong><strong><\/strong><\/p>\n\n\n\n<p>Al utilizar nuestra plataforma, registrar una cuenta o realizar una compra, por la presente acepta nuestra Pol\u00edtica de devoluciones y reembolsos y acepta sus t\u00e9rminos.<\/p>\n\n\n\n<p><strong>Cambios en nuestra Pol\u00edtica de Devoluciones y Reembolsos<\/strong><strong><\/strong><\/p>\n\n\n\n<p>Podemos actualizar, enmendar o realizar cambios en este documento para que reflejen con precisi\u00f3n nuestro Servicio y nuestras pol\u00edticas. A menos que la ley exija lo contrario, esos cambios se publicar\u00e1n de manera destacada aqu\u00ed. Luego, si contin\u00faa utilizando el Servicio, estar\u00e1 sujeto a la Pol\u00edtica de devoluci\u00f3n y reembolso actualizada. Si no desea aceptar esta o cualquier Pol\u00edtica de devoluci\u00f3n y reembolso actualizada, puede eliminar su cuenta.<\/p>\n\n\n\n<p><strong>Cont\u00e1ctenos<\/strong><strong><\/strong><\/p>\n\n\n\n<p>Si por alguna raz\u00f3n no est\u00e1 completamente satisfecho con alg\u00fan bien o servicio que le brindamos, no dude en contactarnos y discutiremos cualquiera de los problemas que est\u00e9 atravesando con nuestro producto.<\/p>\n\n\n\n<ul class=\"wp-block-list\">\n<li>A trav\u00e9s de correo electr\u00f3nico:&nbsp;hola@lasayamosaico-com.us.stackstaging.com<\/li>\n\n\n\n<li>A trav\u00e9s del n\u00famero de tel\u00e9fono: +573166935152<\/li>\n<\/ul>\n","protected":false},"excerpt":{"rendered":"<p>Definiciones y t\u00e9rminos clave Para ayudar a explicar las cosas de la manera m\u00e1s clara posible en esta Pol\u00edtica de Devoluci\u00f3n y Reembolso, cada vez que se hace referencia a cualquiera de estos t\u00e9rminos, se definen estrictamente como: Pol\u00edtica de Devoluci\u00f3n y Reembolso Gracias por comprar en LasAya Mosaico. Apreciamos el hecho de que le&hellip;<\/p>\n","protected":false},"author":1,"featured_media":0,"parent":0,"menu_order":0,"comment_status":"closed","ping_status":"closed","template":"","meta":{"_joinchat":[],"footnotes":""},"class_list":["post-57924","page","type-page","status-publish","hentry","description-off"],"_hostinger_reach_plugin_has_subscription_block":false,"_hostinger_reach_plugin_is_elementor":false,"_links":{"self":[{"href":"https:\/\/lasayamosaico.com\/index.php\/wp-json\/wp\/v2\/pages\/57924","targetHints":{"allow":["GET"]}}],"collection":[{"href":"https:\/\/lasayamosaico.com\/index.php\/wp-json\/wp\/v2\/pages"}],"about":[{"href":"https:\/\/lasayamosaico.com\/index.php\/wp-json\/wp\/v2\/types\/page"}],"author":[{"embeddable":true,"href":"https:\/\/lasayamosaico.com\/index.php\/wp-json\/wp\/v2\/users\/1"}],"replies":[{"embeddable":true,"href":"https:\/\/lasayamosaico.com\/index.php\/wp-json\/wp\/v2\/comments?post=57924"}],"version-history":[{"count":1,"href":"https:\/\/lasayamosaico.com\/index.php\/wp-json\/wp\/v2\/pages\/57924\/revisions"}],"predecessor-version":[{"id":59244,"href":"https:\/\/lasayamosaico.com\/index.php\/wp-json\/wp\/v2\/pages\/57924\/revisions\/59244"}],"wp:attachment":[{"href":"https:\/\/lasayamosaico.com\/index.php\/wp-json\/wp\/v2\/media?parent=57924"}],"curies":[{"name":"wp","href":"https:\/\/api.w.org\/{rel}","templated":true}]}}