{"id":57946,"date":"2024-04-01T10:04:48","date_gmt":"2024-04-01T15:04:48","guid":{"rendered":"https:\/\/lasayamosaico-com.us.stackstaging.com\/?post_type=product&#038;p=57946"},"modified":"2026-03-17T00:17:01","modified_gmt":"2026-03-17T05:17:01","slug":"tallerportavelas","status":"publish","type":"product","link":"https:\/\/lasayamosaico.com\/index.php\/product\/tallerportavelas\/","title":{"rendered":"Taller Mosaico Kit de Portavelas"},"content":{"rendered":"<p>En nuestro taller, todos los cursos est\u00e1n dise\u00f1ados para que los puedas vivir con o sin experiencia. Hoy tendremos el gusto de ense\u00f1arte la t\u00e9cnica de mosaico artesanal, teselas sobre vidrio. Elegir\u00e1s libremente los colores y el dise\u00f1o que m\u00e1s te guste. Te guiaremos y acompa\u00f1aremos para que dejes volar tu imaginaci\u00f3n. Llevar\u00e1s un kit de 2 portavelas terminado y listo para ambientar los espacios de tu casa<\/p>\n<p><strong>\u00a1Tu aventura mosaiquera empieza ac\u00e1!<\/strong><\/p>\n","protected":false},"excerpt":{"rendered":"<p>Visita nuestro taller<\/p>\n","protected":false},"featured_media":59833,"comment_status":"open","ping_status":"closed","template":"","meta":{"_joinchat":[]},"product_brand":[],"product_cat":[519],"product_tag":[520],"class_list":{"0":"post-57946","1":"product","2":"type-product","3":"status-publish","4":"has-post-thumbnail","6":"product_cat-cursos-presenciales","7":"product_tag-descuento","8":"description-off","10":"first","11":"instock","12":"virtual","13":"purchasable","14":"product-type-appointment"},"exclude_global_add_ons":false,"addons":[{"name":"Personas Adicionales","type":"input_multiplier","position":0,"required":false,"title_format":"label","default":"","description_enable":false,"description":"","placeholder_enable":false,"placeholder":"","display":"select","restrictions_type":"any_text","adjust_price":true,"price":"155000","price_type":"quantity_based","restrictions":false,"min":"0","max":"0","options":[],"id":1715188284}],"_links":{"self":[{"href":"https:\/\/lasayamosaico.com\/index.php\/wp-json\/wp\/v2\/product\/57946","targetHints":{"allow":["GET"]}}],"collection":[{"href":"https:\/\/lasayamosaico.com\/index.php\/wp-json\/wp\/v2\/product"}],"about":[{"href":"https:\/\/lasayamosaico.com\/index.php\/wp-json\/wp\/v2\/types\/product"}],"replies":[{"embeddable":true,"href":"https:\/\/lasayamosaico.com\/index.php\/wp-json\/wp\/v2\/comments?post=57946"}],"wp:featuredmedia":[{"embeddable":true,"href":"https:\/\/lasayamosaico.com\/index.php\/wp-json\/wp\/v2\/media\/59833"}],"wp:attachment":[{"href":"https:\/\/lasayamosaico.com\/index.php\/wp-json\/wp\/v2\/media?parent=57946"}],"wp:term":[{"taxonomy":"product_brand","embeddable":true,"href":"https:\/\/lasayamosaico.com\/index.php\/wp-json\/wp\/v2\/product_brand?post=57946"},{"taxonomy":"product_cat","embeddable":true,"href":"https:\/\/lasayamosaico.com\/index.php\/wp-json\/wp\/v2\/product_cat?post=57946"},{"taxonomy":"product_tag","embeddable":true,"href":"https:\/\/lasayamosaico.com\/index.php\/wp-json\/wp\/v2\/product_tag?post=57946"}],"curies":[{"name":"wp","href":"https:\/\/api.w.org\/{rel}","templated":true}]}}