{"id":58195,"date":"2024-05-05T20:24:39","date_gmt":"2024-05-06T01:24:39","guid":{"rendered":"https:\/\/lasayamosaico-com.us.stackstaging.com\/?post_type=product&#038;p=58195"},"modified":"2026-03-08T18:05:36","modified_gmt":"2026-03-08T23:05:36","slug":"tallergrupalportavelas","status":"publish","type":"product","link":"https:\/\/lasayamosaico.com\/index.php\/product\/tallergrupalportavelas\/","title":{"rendered":"Taller Grupal de Portavelas (desde 5 personas)"},"content":{"rendered":"<p>En nuestro taller, todos los cursos est\u00e1n dise\u00f1ados para que los puedas vivir con o sin experiencia. Este taller es un encuentro grupal desde 5 personas donde se podr\u00e1n reunir con amigos, compa\u00f1eros de trabajo, con familia, celebrar cumplea\u00f1os y fechas especiales. Aprender\u00e1n la t\u00e9cnica de mosaico artesanal. Elegir\u00e1n libremente los colores y el dise\u00f1o que m\u00e1s les guste. Los guiaremos y acompa\u00f1aremos para que dejen volar su imaginaci\u00f3n. Cada participante llevar\u00e1 1 portavelas grande terminado y listo para ambientar los espacios de su casa.<\/p>\n<p><strong>\u00a1La aventura mosaiquera empieza ac\u00e1!<\/strong><\/p>\n","protected":false},"excerpt":{"rendered":"<p>Visita nuestro taller<\/p>\n","protected":false},"featured_media":60241,"comment_status":"open","ping_status":"closed","template":"","meta":{"_joinchat":[]},"product_brand":[],"product_cat":[519],"product_tag":[520],"class_list":{"0":"post-58195","1":"product","2":"type-product","3":"status-publish","4":"has-post-thumbnail","6":"product_cat-cursos-presenciales","7":"product_tag-descuento","8":"description-off","10":"first","11":"instock","12":"virtual","13":"purchasable","14":"product-type-appointment"},"exclude_global_add_ons":false,"addons":[{"name":"Personas Adicionales","type":"input_multiplier","position":0,"required":false,"title_format":"label","default":"","description_enable":false,"description":"","placeholder_enable":false,"placeholder":"","display":"select","restrictions_type":"any_text","adjust_price":true,"price":"107000","price_type":"quantity_based","restrictions":false,"min":"0","max":"0","options":[],"id":1716896449}],"_links":{"self":[{"href":"https:\/\/lasayamosaico.com\/index.php\/wp-json\/wp\/v2\/product\/58195","targetHints":{"allow":["GET"]}}],"collection":[{"href":"https:\/\/lasayamosaico.com\/index.php\/wp-json\/wp\/v2\/product"}],"about":[{"href":"https:\/\/lasayamosaico.com\/index.php\/wp-json\/wp\/v2\/types\/product"}],"replies":[{"embeddable":true,"href":"https:\/\/lasayamosaico.com\/index.php\/wp-json\/wp\/v2\/comments?post=58195"}],"wp:featuredmedia":[{"embeddable":true,"href":"https:\/\/lasayamosaico.com\/index.php\/wp-json\/wp\/v2\/media\/60241"}],"wp:attachment":[{"href":"https:\/\/lasayamosaico.com\/index.php\/wp-json\/wp\/v2\/media?parent=58195"}],"wp:term":[{"taxonomy":"product_brand","embeddable":true,"href":"https:\/\/lasayamosaico.com\/index.php\/wp-json\/wp\/v2\/product_brand?post=58195"},{"taxonomy":"product_cat","embeddable":true,"href":"https:\/\/lasayamosaico.com\/index.php\/wp-json\/wp\/v2\/product_cat?post=58195"},{"taxonomy":"product_tag","embeddable":true,"href":"https:\/\/lasayamosaico.com\/index.php\/wp-json\/wp\/v2\/product_tag?post=58195"}],"curies":[{"name":"wp","href":"https:\/\/api.w.org\/{rel}","templated":true}]}}