{"id":58753,"date":"2024-11-29T10:04:05","date_gmt":"2024-11-29T15:04:05","guid":{"rendered":"https:\/\/lasayamosaico-com.us.stackstaging.com\/?post_type=product&#038;p=58753"},"modified":"2026-03-17T00:18:59","modified_gmt":"2026-03-17T05:18:59","slug":"taller-lampara-turca-cisne","status":"publish","type":"product","link":"https:\/\/lasayamosaico.com\/index.php\/product\/taller-lampara-turca-cisne\/","title":{"rendered":"Taller L\u00e1mpara Turca &#8220;Cisne&#8221;"},"content":{"rendered":"<p>En nuestro taller, todos los cursos est\u00e1n dise\u00f1ados para que los puedas vivir con o sin experiencia. Hoy tenemos el gusto de ense\u00f1arte la t\u00e9cnica de mosaico artesanal, teselas sobre vidrio. Elegir\u00e1s libremente los colores y el dise\u00f1o que m\u00e1s te guste. Te guiaremos y acompa\u00f1aremos para que dejes volar tu imaginaci\u00f3n. Llevar\u00e1s una <strong>l\u00e1mpara turca<\/strong> terminada y lista para ambientar los espacios de tu casa.<\/p>\n<p><strong>\u00a1Tu aventura mosaiquera empieza ac\u00e1!<\/strong><\/p>\n<p>&nbsp;<\/p>\n<p class=\"p1\"><b>Vas a disfrutar de:<\/b><\/p>\n<p class=\"p1\">\u2013 Experiencia mundo del mosaico.<br \/>\n\u2013 Clase de 4 horas.<br \/>\n\u2013 T\u00e9, caf\u00e9 y agua ilimitado.<br \/>\n\u2013 Snacks.*<\/p>\n<p class=\"p1\">*Tambi\u00e9n tenemos unos superplanes de <b>vino + tabla de quesos.<\/b> Pregunta por ellos, se cotizan por aparte.<\/p>\n<p><strong>Qu\u00e9 incluye?<\/strong><\/p>\n<p>\u2013 L\u00e1mpara 20 x 36 cm<br \/>\n\u2013 Todas las teselas y mostacillas que se necesiten en tu mosaico, del color que elijas.<br \/>\n\u2013 La silicona que necesites.<br \/>\n\u2013 Plantilla con dise\u00f1os para que vueles tu creatividad.<br \/>\n\u2013 Bombillo 5 W de luz c\u00e1lida.<br \/>\n\u2013 Bolsa de LasAya.<\/p>\n","protected":false},"excerpt":{"rendered":"<p>Visita nuestro taller<\/p>\n","protected":false},"featured_media":59796,"comment_status":"open","ping_status":"closed","template":"","meta":{"_joinchat":[]},"product_brand":[],"product_cat":[519],"product_tag":[543],"class_list":{"0":"post-58753","1":"product","2":"type-product","3":"status-publish","4":"has-post-thumbnail","6":"product_cat-cursos-presenciales","7":"product_tag-lampara-turca","8":"description-off","10":"first","11":"instock","12":"featured","13":"shipping-taxable","14":"purchasable","15":"product-type-appointment"},"exclude_global_add_ons":false,"addons":[{"name":"Personas Adicionales","type":"input_multiplier","position":0,"required":false,"title_format":"label","default":"","description_enable":false,"description":"","placeholder_enable":false,"placeholder":"","display":"select","restrictions_type":"any_text","adjust_price":true,"price":"320000","price_type":"flat_fee","restrictions":false,"min":"0","max":"0","options":[],"id":1764176582}],"_links":{"self":[{"href":"https:\/\/lasayamosaico.com\/index.php\/wp-json\/wp\/v2\/product\/58753","targetHints":{"allow":["GET"]}}],"collection":[{"href":"https:\/\/lasayamosaico.com\/index.php\/wp-json\/wp\/v2\/product"}],"about":[{"href":"https:\/\/lasayamosaico.com\/index.php\/wp-json\/wp\/v2\/types\/product"}],"replies":[{"embeddable":true,"href":"https:\/\/lasayamosaico.com\/index.php\/wp-json\/wp\/v2\/comments?post=58753"}],"wp:featuredmedia":[{"embeddable":true,"href":"https:\/\/lasayamosaico.com\/index.php\/wp-json\/wp\/v2\/media\/59796"}],"wp:attachment":[{"href":"https:\/\/lasayamosaico.com\/index.php\/wp-json\/wp\/v2\/media?parent=58753"}],"wp:term":[{"taxonomy":"product_brand","embeddable":true,"href":"https:\/\/lasayamosaico.com\/index.php\/wp-json\/wp\/v2\/product_brand?post=58753"},{"taxonomy":"product_cat","embeddable":true,"href":"https:\/\/lasayamosaico.com\/index.php\/wp-json\/wp\/v2\/product_cat?post=58753"},{"taxonomy":"product_tag","embeddable":true,"href":"https:\/\/lasayamosaico.com\/index.php\/wp-json\/wp\/v2\/product_tag?post=58753"}],"curies":[{"name":"wp","href":"https:\/\/api.w.org\/{rel}","templated":true}]}}