{"id":58991,"date":"2025-04-10T17:10:04","date_gmt":"2025-04-10T22:10:04","guid":{"rendered":"https:\/\/lasayamosaico-com.us.stackstaging.com\/?post_type=product&#038;p=58991"},"modified":"2026-02-06T10:16:21","modified_gmt":"2026-02-06T15:16:21","slug":"taller-portavasos-x4-unidades","status":"publish","type":"product","link":"https:\/\/lasayamosaico.com\/index.php\/product\/taller-portavasos-x4-unidades\/","title":{"rendered":"Taller portavasos: x4 unidades"},"content":{"rendered":"<p>En nuestro taller, todos los cursos est\u00e1n dise\u00f1ados para que los puedas vivir con o sin experiencia. Hoy tenemos el gusto de ense\u00f1arte la t\u00e9cnica de mosaico artesanal, teselas sobre vidrio. Elegir\u00e1s libremente los colores y el dise\u00f1o que m\u00e1s te guste. Te guiaremos y acompa\u00f1aremos para que dejes volar tu imaginaci\u00f3n. Llevar\u00e1s una <strong>l\u00e1mpara turca<\/strong> terminada y lista para ambientar los espacios de tu casa.<\/p>\n<p><strong>\u00a1Tu aventura mosaiquera empieza ac\u00e1!<\/strong><\/p>\n<p>&nbsp;<\/p>\n<p class=\"p1\"><b>Vas a disfrutar de:<\/b><\/p>\n<p class=\"p1\">\u2013 Experiencia mundo del mosaico.<br \/>\n\u2013 Clase de 4 horas.<br \/>\n\u2013 T\u00e9, caf\u00e9 y agua ilimitado.<br \/>\n\u2013 Snacks.*<\/p>\n<p class=\"p1\">*Tambi\u00e9n tenemos unos superplanes de <b>vino + tabla de quesos.<\/b> Pregunta por ellos, se cotizan por aparte.<\/p>\n<p><strong>Qu\u00e9 incluye?<\/strong><\/p>\n<p>\u2013 Portavasos x 4<br \/>\n\u2013 Todas las teselas y mostacillas que se necesiten en tu mosaico, del color que elijas.<br \/>\n\u2013 La silicona que necesites.<br \/>\n\u2013 Plantilla con dise\u00f1os para que vueles tu creatividad.<br \/>\n\u2013 Bolsa de LasAya.<\/p>\n","protected":false},"excerpt":{"rendered":"<p>En nuestro taller, todos los cursos est\u00e1n dise\u00f1ados para que los puedas vivir con o sin experiencia. Hoy tenemos el gusto de ense\u00f1arte la t\u00e9cnica de mosaico artesanal, teselas sobre vidrio. Elegir\u00e1s libremente los colores y el dise\u00f1o que m\u00e1s te guste. Te guiaremos y acompa\u00f1aremos para que dejes volar tu imaginaci\u00f3n. Llevar\u00e1s una l\u00e1mpara&hellip;<\/p>\n","protected":false},"featured_media":59019,"comment_status":"open","ping_status":"closed","template":"","meta":{"_joinchat":[]},"product_brand":[],"product_cat":[519],"product_tag":[],"class_list":{"0":"post-58991","1":"product","2":"type-product","3":"status-publish","4":"has-post-thumbnail","6":"product_cat-cursos-presenciales","7":"description-off","9":"first","10":"instock","11":"shipping-taxable","12":"purchasable","13":"product-type-appointment"},"exclude_global_add_ons":false,"addons":[{"name":"Personas Adicionales","type":"input_multiplier","position":0,"required":false,"title_format":"label","default":"","description_enable":false,"description":"","placeholder_enable":false,"placeholder":"","display":"select","restrictions_type":"any_text","adjust_price":true,"price":"148000","price_type":"flat_fee","restrictions":false,"min":"0","max":"0","options":[],"id":1750872447}],"_links":{"self":[{"href":"https:\/\/lasayamosaico.com\/index.php\/wp-json\/wp\/v2\/product\/58991","targetHints":{"allow":["GET"]}}],"collection":[{"href":"https:\/\/lasayamosaico.com\/index.php\/wp-json\/wp\/v2\/product"}],"about":[{"href":"https:\/\/lasayamosaico.com\/index.php\/wp-json\/wp\/v2\/types\/product"}],"replies":[{"embeddable":true,"href":"https:\/\/lasayamosaico.com\/index.php\/wp-json\/wp\/v2\/comments?post=58991"}],"wp:featuredmedia":[{"embeddable":true,"href":"https:\/\/lasayamosaico.com\/index.php\/wp-json\/wp\/v2\/media\/59019"}],"wp:attachment":[{"href":"https:\/\/lasayamosaico.com\/index.php\/wp-json\/wp\/v2\/media?parent=58991"}],"wp:term":[{"taxonomy":"product_brand","embeddable":true,"href":"https:\/\/lasayamosaico.com\/index.php\/wp-json\/wp\/v2\/product_brand?post=58991"},{"taxonomy":"product_cat","embeddable":true,"href":"https:\/\/lasayamosaico.com\/index.php\/wp-json\/wp\/v2\/product_cat?post=58991"},{"taxonomy":"product_tag","embeddable":true,"href":"https:\/\/lasayamosaico.com\/index.php\/wp-json\/wp\/v2\/product_tag?post=58991"}],"curies":[{"name":"wp","href":"https:\/\/api.w.org\/{rel}","templated":true}]}}