{"id":59076,"date":"2025-04-16T14:10:47","date_gmt":"2025-04-16T19:10:47","guid":{"rendered":"https:\/\/lasayamosaico-com.us.stackstaging.com\/?post_type=product&#038;p=59076"},"modified":"2025-12-01T07:22:24","modified_gmt":"2025-12-01T12:22:24","slug":"portacalientes-cuadrado-mosaico-en-casa","status":"publish","type":"product","link":"https:\/\/lasayamosaico.com\/index.php\/product\/portacalientes-cuadrado-mosaico-en-casa\/","title":{"rendered":"Portacalientes Cuadrado &#8211; Mosaico en Casa"},"content":{"rendered":"<p>Hoy tenemos el gusto de ense\u00f1arte la t\u00e9cnica de mosaico artesanal, teselas sobre madera. Elegir\u00e1s libremente los colores y el dise\u00f1o que m\u00e1s te guste. Te guiaremos por medio de un instructivo para que dejes volar tu imaginaci\u00f3n. Es ideal para ti o para regalar una linda experiencia o compartirla con amigos y familia.<\/p>\n<p><strong>\u00a1Tu aventura mosaiquera empieza ac\u00e1!<\/strong><\/p>\n<p>&nbsp;<\/p>\n<p><strong>\u00bfQu\u00e9 contiene tu kit?<\/strong><\/p>\n<p>portacalientes<br \/>\n1 Colb\u00f3n 40 gr.<br \/>\n1 Pincel<br \/>\n1 Palito para boquilla<br \/>\n1 Esp\u00e1tula<br \/>\n1 Esponja<br \/>\n1 Pintura 30 gr.<br \/>\n70 gr. boquilla<br \/>\n61 gr. vidriecitos colores<br \/>\n55 gr. mostacillas colores<br \/>\n1 Gancho de madera para colgar<\/p>\n<p>Env\u00edo incluido.<\/p>\n","protected":false},"excerpt":{"rendered":"<p>\u00a1Ya llegamos a tu casa! Nuestros kits est\u00e1n dise\u00f1ados para que los puedas vivir con o sin experiencia.<\/p>\n","protected":false},"featured_media":59032,"comment_status":"open","ping_status":"closed","template":"","meta":{"_joinchat":[]},"product_brand":[],"product_cat":[524],"product_tag":[538,525,541],"class_list":{"0":"post-59076","1":"product","2":"type-product","3":"status-publish","4":"has-post-thumbnail","6":"product_cat-mosaico-en-casa","7":"product_tag-en-casa","8":"product_tag-kit","9":"product_tag-mosaico-en-casa","10":"description-off","12":"first","13":"instock","14":"shipping-taxable","15":"purchasable","16":"product-type-variable"},"exclude_global_add_ons":[],"addons":[],"_links":{"self":[{"href":"https:\/\/lasayamosaico.com\/index.php\/wp-json\/wp\/v2\/product\/59076","targetHints":{"allow":["GET"]}}],"collection":[{"href":"https:\/\/lasayamosaico.com\/index.php\/wp-json\/wp\/v2\/product"}],"about":[{"href":"https:\/\/lasayamosaico.com\/index.php\/wp-json\/wp\/v2\/types\/product"}],"replies":[{"embeddable":true,"href":"https:\/\/lasayamosaico.com\/index.php\/wp-json\/wp\/v2\/comments?post=59076"}],"wp:featuredmedia":[{"embeddable":true,"href":"https:\/\/lasayamosaico.com\/index.php\/wp-json\/wp\/v2\/media\/59032"}],"wp:attachment":[{"href":"https:\/\/lasayamosaico.com\/index.php\/wp-json\/wp\/v2\/media?parent=59076"}],"wp:term":[{"taxonomy":"product_brand","embeddable":true,"href":"https:\/\/lasayamosaico.com\/index.php\/wp-json\/wp\/v2\/product_brand?post=59076"},{"taxonomy":"product_cat","embeddable":true,"href":"https:\/\/lasayamosaico.com\/index.php\/wp-json\/wp\/v2\/product_cat?post=59076"},{"taxonomy":"product_tag","embeddable":true,"href":"https:\/\/lasayamosaico.com\/index.php\/wp-json\/wp\/v2\/product_tag?post=59076"}],"curies":[{"name":"wp","href":"https:\/\/api.w.org\/{rel}","templated":true}]}}