{"id":59815,"date":"2025-10-30T11:24:34","date_gmt":"2025-10-30T16:24:34","guid":{"rendered":"https:\/\/lasayamosaico.com\/?post_type=product&#038;p=59815"},"modified":"2025-12-01T09:35:37","modified_gmt":"2025-12-01T14:35:37","slug":"taller-lampara-turca-piso-x5","status":"publish","type":"product","link":"https:\/\/lasayamosaico.com\/index.php\/product\/taller-lampara-turca-piso-x5\/","title":{"rendered":"Taller L\u00e1mpara Turca \u201cPiso x5\u201d"},"content":{"rendered":"<p>En nuestro taller, todos los cursos est\u00e1n dise\u00f1ados para que los puedas vivir con o sin experiencia. Hoy tenemos el gusto de ense\u00f1arte la t\u00e9cnica de mosaico artesanal, teselas sobre vidrio. Elegir\u00e1s libremente los colores y el dise\u00f1o que m\u00e1s te guste. Te guiaremos y acompa\u00f1aremos para que dejes volar tu imaginaci\u00f3n. Llevar\u00e1s una <strong>l\u00e1mpara turca<\/strong> terminada y lista para ambientar los espacios de tu casa.<\/p>\n<p><strong>\u00a1Tu aventura mosaiquera empieza ac\u00e1!<\/strong><\/p>\n","protected":false},"excerpt":{"rendered":"<p>Visita nuestro taller<\/p>\n","protected":false},"featured_media":59816,"comment_status":"open","ping_status":"closed","template":"","meta":{"_joinchat":[]},"product_brand":[],"product_cat":[519],"product_tag":[543],"class_list":{"0":"post-59815","1":"product","2":"type-product","3":"status-publish","4":"has-post-thumbnail","6":"product_cat-cursos-presenciales","7":"product_tag-lampara-turca","8":"description-off","10":"first","11":"instock","12":"featured","13":"shipping-taxable","14":"purchasable","15":"product-type-appointment"},"exclude_global_add_ons":false,"addons":[{"name":"Personas Adicionales","type":"input_multiplier","position":0,"required":false,"title_format":"label","default":"","description_enable":false,"description":"","placeholder_enable":false,"placeholder":"","display":"select","restrictions_type":"any_text","adjust_price":true,"price":"1550000","price_type":"flat_fee","restrictions":false,"min":"0","max":"0","options":[],"id":1750872758}],"_links":{"self":[{"href":"https:\/\/lasayamosaico.com\/index.php\/wp-json\/wp\/v2\/product\/59815","targetHints":{"allow":["GET"]}}],"collection":[{"href":"https:\/\/lasayamosaico.com\/index.php\/wp-json\/wp\/v2\/product"}],"about":[{"href":"https:\/\/lasayamosaico.com\/index.php\/wp-json\/wp\/v2\/types\/product"}],"replies":[{"embeddable":true,"href":"https:\/\/lasayamosaico.com\/index.php\/wp-json\/wp\/v2\/comments?post=59815"}],"wp:featuredmedia":[{"embeddable":true,"href":"https:\/\/lasayamosaico.com\/index.php\/wp-json\/wp\/v2\/media\/59816"}],"wp:attachment":[{"href":"https:\/\/lasayamosaico.com\/index.php\/wp-json\/wp\/v2\/media?parent=59815"}],"wp:term":[{"taxonomy":"product_brand","embeddable":true,"href":"https:\/\/lasayamosaico.com\/index.php\/wp-json\/wp\/v2\/product_brand?post=59815"},{"taxonomy":"product_cat","embeddable":true,"href":"https:\/\/lasayamosaico.com\/index.php\/wp-json\/wp\/v2\/product_cat?post=59815"},{"taxonomy":"product_tag","embeddable":true,"href":"https:\/\/lasayamosaico.com\/index.php\/wp-json\/wp\/v2\/product_tag?post=59815"}],"curies":[{"name":"wp","href":"https:\/\/api.w.org\/{rel}","templated":true}]}}