{"id":59914,"date":"2025-11-25T20:14:51","date_gmt":"2025-11-26T01:14:51","guid":{"rendered":"https:\/\/lasayamosaico.com\/?post_type=product&#038;p=59914"},"modified":"2025-12-13T11:36:21","modified_gmt":"2025-12-13T16:36:21","slug":"lampara-turca-cisne-mosaico-en-casa","status":"publish","type":"product","link":"https:\/\/lasayamosaico.com\/index.php\/product\/lampara-turca-cisne-mosaico-en-casa\/","title":{"rendered":"L\u00e1mpara Turca Cisne &#8211; Mosaico en Casa"},"content":{"rendered":"<p><span style=\"font-weight: 400;\">Hoy tenemos el gusto de ense\u00f1arte la t\u00e9cnica de mosaico artesanal, teselas sobre vidrio. Elegir\u00e1s libremente los colores y el dise\u00f1o que m\u00e1s te guste. Te guiaremos por medio de un instructivo para que dejes volar tu imaginaci\u00f3n. Es ideal para ti, para regalar una linda experiencia o compartirla con amigos y familia.<\/span><\/p>\n<p><b>\u00a1Tu aventura mosaiquera empieza ac\u00e1!<\/b><b><br \/>\n<\/b><b><br \/>\n<\/b><span style=\"font-weight: 400;\">\u00bfQu\u00e9 contiene tu kit?<\/span><\/p>\n<p><span style=\"font-weight: 400;\">1 L\u00e1mpara (Mini, Peque, Colgar o Cisne &#8211; dependiendo)<\/span><span style=\"font-weight: 400;\"><br \/>\n<\/span><span style=\"font-weight: 400;\">1 Globo de vidrio<\/span><span style=\"font-weight: 400;\"><br \/>\n<\/span><span style=\"font-weight: 400;\">1 Tubo de sellador de silicona<\/span><span style=\"font-weight: 400;\"><br \/>\n<\/span><span style=\"font-weight: 400;\">1 Plantilla de dise\u00f1os<\/span><span style=\"font-weight: 400;\"><br \/>\n<\/span><span style=\"font-weight: 400;\">1 Bombillo<\/span><span style=\"font-weight: 400;\"><br \/>\n<\/span><span style=\"font-weight: 400;\">1 Palito de madera<\/span><span style=\"font-weight: 400;\"><br \/>\n<\/span><span style=\"font-weight: 400;\">1 Trapito Bayetilla<\/span><span style=\"font-weight: 400;\"><br \/>\n<\/span><span style=\"font-weight: 400;\">120 gr. vidriecitos de colores<\/span><span style=\"font-weight: 400;\"><br \/>\n<\/span><span style=\"font-weight: 400;\">120 gr. mostacillas<\/span><span style=\"font-weight: 400;\"><br \/>\n<\/span><span style=\"font-weight: 400;\">Env\u00edo incluido<\/span><\/p>\n","protected":false},"excerpt":{"rendered":"<p>\u00a1Ya llegamos a tu casa! Nuestros kits est\u00e1n dise\u00f1ados para que los puedas vivir con o sin experiencia.<\/p>\n","protected":false},"featured_media":59796,"comment_status":"open","ping_status":"closed","template":"","meta":{"_joinchat":[]},"product_brand":[],"product_cat":[524],"product_tag":[538,525,541],"class_list":{"0":"post-59914","1":"product","2":"type-product","3":"status-publish","4":"has-post-thumbnail","6":"product_cat-mosaico-en-casa","7":"product_tag-en-casa","8":"product_tag-kit","9":"product_tag-mosaico-en-casa","10":"description-off","12":"first","13":"instock","14":"shipping-taxable","15":"purchasable","16":"product-type-variable"},"exclude_global_add_ons":[],"addons":[],"_links":{"self":[{"href":"https:\/\/lasayamosaico.com\/index.php\/wp-json\/wp\/v2\/product\/59914","targetHints":{"allow":["GET"]}}],"collection":[{"href":"https:\/\/lasayamosaico.com\/index.php\/wp-json\/wp\/v2\/product"}],"about":[{"href":"https:\/\/lasayamosaico.com\/index.php\/wp-json\/wp\/v2\/types\/product"}],"replies":[{"embeddable":true,"href":"https:\/\/lasayamosaico.com\/index.php\/wp-json\/wp\/v2\/comments?post=59914"}],"wp:featuredmedia":[{"embeddable":true,"href":"https:\/\/lasayamosaico.com\/index.php\/wp-json\/wp\/v2\/media\/59796"}],"wp:attachment":[{"href":"https:\/\/lasayamosaico.com\/index.php\/wp-json\/wp\/v2\/media?parent=59914"}],"wp:term":[{"taxonomy":"product_brand","embeddable":true,"href":"https:\/\/lasayamosaico.com\/index.php\/wp-json\/wp\/v2\/product_brand?post=59914"},{"taxonomy":"product_cat","embeddable":true,"href":"https:\/\/lasayamosaico.com\/index.php\/wp-json\/wp\/v2\/product_cat?post=59914"},{"taxonomy":"product_tag","embeddable":true,"href":"https:\/\/lasayamosaico.com\/index.php\/wp-json\/wp\/v2\/product_tag?post=59914"}],"curies":[{"name":"wp","href":"https:\/\/api.w.org\/{rel}","templated":true}]}}