{"id":60065,"date":"2025-11-25T22:10:43","date_gmt":"2025-11-26T03:10:43","guid":{"rendered":"https:\/\/lasayamosaico.com\/?post_type=product&#038;p=60065"},"modified":"2025-12-06T20:47:07","modified_gmt":"2025-12-07T01:47:07","slug":"lagartija-de-madera-mosaico-en-casa","status":"publish","type":"product","link":"https:\/\/lasayamosaico.com\/index.php\/product\/lagartija-de-madera-mosaico-en-casa\/","title":{"rendered":"Lagartija de Madera &#8211; Mosaico en Casa"},"content":{"rendered":"<p><span style=\"font-weight: 400;\">Hoy tenemos el gusto de ense\u00f1arte la t\u00e9cnica de mosaico artesanal, teselas sobre madera. Elegir\u00e1s libremente los colores y el dise\u00f1o que m\u00e1s te guste. Te guiaremos por medio de un instructivo para que dejes volar tu imaginaci\u00f3n. Es ideal para ti, para regalar una linda experiencia o compartirla con amigos y familia.<\/span><\/p>\n<p><b>\u00a1Tu aventura mosaiquera empieza ac\u00e1!<\/b><\/p>\n<p><span style=\"font-weight: 400;\">\u00a0\u00bfQu\u00e9 contiene tu kit?<\/span><\/p>\n<p><span style=\"font-weight: 400;\">1 Figura de madera<\/span><span style=\"font-weight: 400;\"><br \/>\n<\/span><span style=\"font-weight: 400;\">1 Colb\u00f3n 40 gr.<\/span><span style=\"font-weight: 400;\"><br \/>\n<\/span><span style=\"font-weight: 400;\">1 Pincel<\/span><span style=\"font-weight: 400;\"><br \/>\n<\/span><span style=\"font-weight: 400;\">1 Palito para boquilla<\/span><span style=\"font-weight: 400;\"><br \/>\n<\/span><span style=\"font-weight: 400;\">1 Esp\u00e1tula<\/span><span style=\"font-weight: 400;\"><br \/>\n<\/span><span style=\"font-weight: 400;\">1 Esponja<\/span><span style=\"font-weight: 400;\"><br \/>\n<\/span><span style=\"font-weight: 400;\">1 Pintura 30 gr.<\/span><span style=\"font-weight: 400;\"><br \/>\n<\/span><span style=\"font-weight: 400;\">70 gr. boquilla<\/span><span style=\"font-weight: 400;\"><br \/>\n<\/span><span style=\"font-weight: 400;\">109 gr. vidriecitos colores<\/span><span style=\"font-weight: 400;\"><br \/>\n<\/span><span style=\"font-weight: 400;\">45 gr. mostacillas colores<\/span><span style=\"font-weight: 400;\"><br \/>\n<\/span><span style=\"font-weight: 400;\">1 Gancho de madera para colgar<\/span><span style=\"font-weight: 400;\"><br \/>\n<\/span><span style=\"font-weight: 400;\">Env\u00edo incluido<\/span><span style=\"font-weight: 400;\"><br \/>\n<\/span><\/p>\n","protected":false},"excerpt":{"rendered":"<p>\u00a1Ya llegamos a tu casa! Nuestros kits est\u00e1n dise\u00f1ados para que los puedas vivir con o sin experiencia.<\/p>\n","protected":false},"featured_media":60074,"comment_status":"open","ping_status":"closed","template":"","meta":{"_joinchat":[]},"product_brand":[],"product_cat":[524],"product_tag":[538,525,541],"class_list":{"0":"post-60065","1":"product","2":"type-product","3":"status-publish","4":"has-post-thumbnail","6":"product_cat-mosaico-en-casa","7":"product_tag-en-casa","8":"product_tag-kit","9":"product_tag-mosaico-en-casa","10":"description-off","12":"first","13":"instock","14":"shipping-taxable","15":"purchasable","16":"product-type-variable"},"exclude_global_add_ons":[],"addons":[],"_links":{"self":[{"href":"https:\/\/lasayamosaico.com\/index.php\/wp-json\/wp\/v2\/product\/60065","targetHints":{"allow":["GET"]}}],"collection":[{"href":"https:\/\/lasayamosaico.com\/index.php\/wp-json\/wp\/v2\/product"}],"about":[{"href":"https:\/\/lasayamosaico.com\/index.php\/wp-json\/wp\/v2\/types\/product"}],"replies":[{"embeddable":true,"href":"https:\/\/lasayamosaico.com\/index.php\/wp-json\/wp\/v2\/comments?post=60065"}],"wp:featuredmedia":[{"embeddable":true,"href":"https:\/\/lasayamosaico.com\/index.php\/wp-json\/wp\/v2\/media\/60074"}],"wp:attachment":[{"href":"https:\/\/lasayamosaico.com\/index.php\/wp-json\/wp\/v2\/media?parent=60065"}],"wp:term":[{"taxonomy":"product_brand","embeddable":true,"href":"https:\/\/lasayamosaico.com\/index.php\/wp-json\/wp\/v2\/product_brand?post=60065"},{"taxonomy":"product_cat","embeddable":true,"href":"https:\/\/lasayamosaico.com\/index.php\/wp-json\/wp\/v2\/product_cat?post=60065"},{"taxonomy":"product_tag","embeddable":true,"href":"https:\/\/lasayamosaico.com\/index.php\/wp-json\/wp\/v2\/product_tag?post=60065"}],"curies":[{"name":"wp","href":"https:\/\/api.w.org\/{rel}","templated":true}]}}